{"id":373,"date":"2022-04-03T19:08:30","date_gmt":"2022-04-03T17:08:30","guid":{"rendered":"https:\/\/indivisual.com.pl\/mediateqa\/realizacje-copy\/"},"modified":"2022-04-03T19:36:45","modified_gmt":"2022-04-03T17:36:45","slug":"wiedza","status":"publish","type":"page","link":"https:\/\/indivisual.com.pl\/mediateqa\/wiedza\/","title":{"rendered":"Wiedza"},"content":{"rendered":"<div data-elementor-type=\"wp-page\" data-elementor-id=\"373\" class=\"elementor elementor-373\" data-elementor-settings=\"[]\">\n\t\t\t\t\t\t<div class=\"elementor-inner\">\n\t\t\t\t\t\t\t<div class=\"elementor-section-wrap\">\n\t\t\t\t\t\t\t<section class=\"elementor-section elementor-top-section elementor-element elementor-element-38489fe elementor-section-boxed elementor-section-height-default elementor-section-height-default\" data-id=\"38489fe\" data-element_type=\"section\">\n\t\t\t\t\t\t\t<div class=\"elementor-background-overlay\"><\/div>\n\t\t\t\t\t\t\t<div class=\"elementor-container elementor-column-gap-no\">\n\t\t\t\t\t\t\t<div class=\"elementor-row\">\n\t\t\t\t\t<div class=\"aux-parallax-section elementor-column elementor-col-100 elementor-top-column elementor-element elementor-element-f5b20ea\" data-id=\"f5b20ea\" data-element_type=\"column\">\n\t\t\t<div class=\"elementor-column-wrap elementor-element-populated\">\n\t\t\t\t\t\t\t<div class=\"elementor-widget-wrap\">\n\t\t\t\t\t\t<div class=\"elementor-element elementor-element-3e4840c aux-appear-watch-animation aux-fade-in-up-1 elementor-widget elementor-widget-aux_modern_heading\" data-id=\"3e4840c\" data-element_type=\"widget\" data-widget_type=\"aux_modern_heading.default\">\n\t\t\t\t<div class=\"elementor-widget-container\">\n\t\t\t<section class=\"aux-widget-modern-heading\">\n            <div class=\"aux-widget-inner\"><h4 class=\"aux-modern-heading-primary\"><\/h4><h2 class=\"aux-modern-heading-secondary\"><span class=\"aux-head-highlight\">Wiedza<\/span><\/h2><\/div>\n        <\/section>\t\t<\/div>\n\t\t\t\t<\/div>\n\t\t\t\t<div class=\"elementor-element elementor-element-f126127 elementor-widget elementor-widget-aux_recent_posts\" data-id=\"f126127\" data-element_type=\"widget\" data-settings=\"{&quot;columns&quot;:&quot;4&quot;,&quot;columns_tablet&quot;:&quot;inherit&quot;,&quot;columns_mobile&quot;:&quot;1&quot;}\" data-widget_type=\"aux_recent_posts.default\">\n\t\t\t\t<div class=\"elementor-widget-container\">\n\t\t\t<section class=\"widget-container aux-widget-recent-posts aux-parent-aua89e586b\" style=\"\" ><div data-element-id=\"aua89e586b\" class=\"aux-match-height aux-row aux-de-col4 aux-tb-col4 aux-mb-col1 aux-total-2 aux-no-meta aux-ajax-view  \" ><div class=\"aux-col post-614\">\n                        <article class=\"post column-entry post-614 type-post status-publish format-standard has-post-thumbnail hentry category-komunikacja-wewnetrzna category-trendy-opinie-historia\">\n                                                        <div class=\"entry-media\"><div class=\"aux-media-frame aux-media-image aux-image-mask\"><a href=\"https:\/\/indivisual.com.pl\/mediateqa\/2022\/04\/12\/firmowe-gazety-w-polsce\/\"><img decoding=\"async\" src=\"https:\/\/indivisual.com.pl\/mediateqa\/wp-content\/uploads\/2022\/04\/a4-magazine-mockup-cover-opening-470x353.png\" class=\"aux-attachment aux-featured-image attachment-470x352.5 aux-attachment-id-624 \" alt=\"a4-magazine-mockup-cover-opening\" srcset=\"https:\/\/indivisual.com.pl\/mediateqa\/wp-content\/uploads\/2022\/04\/a4-magazine-mockup-cover-opening-150x113.png 150w,https:\/\/indivisual.com.pl\/mediateqa\/wp-content\/uploads\/2022\/04\/a4-magazine-mockup-cover-opening-300x225.png 300w,https:\/\/indivisual.com.pl\/mediateqa\/wp-content\/uploads\/2022\/04\/a4-magazine-mockup-cover-opening-470x353.png 470w,https:\/\/indivisual.com.pl\/mediateqa\/wp-content\/uploads\/2022\/04\/a4-magazine-mockup-cover-opening-690x517.png 690w\" data-ratio=\"1.33\" data-original-w=\"700\" sizes=\"(max-width:479px) 480px,(max-width:767px) 768px,(max-width:1023px) 1024px,470px\" \/><\/a><\/div><\/div>\n                            \n                            <div class=\"entry-main\">\n                                                        \n                                <header class=\"entry-header\">\n                                \n                                    <h4 class=\"entry-title\">\n                                        <a href=\"https:\/\/indivisual.com.pl\/mediateqa\/2022\/04\/12\/firmowe-gazety-w-polsce\/\">\n                                            Firmowe gazety w Polsce                                        <\/a>\n                                    <\/h4>\n                                                                    <div class=\"entry-format\">\n                                        <a href=\"https:\/\/indivisual.com.pl\/mediateqa\/2022\/04\/12\/firmowe-gazety-w-polsce\/\">\n                                            <div class=\"post-format format-\"> <\/div>\n                                        <\/a>\n                                    <\/div>\n                                <\/header>\n                                                            \n                                <div class=\"entry-info\">\n                                                                    <div class=\"entry-date\">\n                                        <a href=\"https:\/\/indivisual.com.pl\/mediateqa\/2022\/04\/12\/firmowe-gazety-w-polsce\/\">\n                                            <time datetime=\"2022-04-12T15:33:28+02:00\" title=\"2022-04-12T15:33:28+02:00\" >12 kwietnia 2022<\/time>\n                                        <\/a>\n                                    <\/div>\n                                                                                                                                    <span class=\"entry-tax \">\n                                        <a href=\"https:\/\/indivisual.com.pl\/mediateqa\/category\/komunikacja-wewnetrzna\/\" title=\"Zobacz wszystkie posty w Komunikacja wewn\u0119trzna\" rel=\"category\" >Komunikacja wewn\u0119trzna<\/a><a href=\"https:\/\/indivisual.com.pl\/mediateqa\/category\/trendy-opinie-historia\/\" title=\"Zobacz wszystkie posty w Trendy, opinie, historia\" rel=\"category\" >Trendy, opinie, historia<\/a>                                    <\/span>\n                                                                                                                                            <\/div>\n                            \n                                                            <div class=\"entry-content\">\n                                                                            <p>Media -Kultura - Spo\u0142ecze\u0144stwo, nr 11-12 (2016-2017) ISSN 2451-2737\nFirmowe gazety w Polsce\nPowstanie oraz rola pism firmowych w korporacyjnym \u015bwiecie.\nMarcin J ...<\/p><div class=\"clear\"><\/div>                                <\/div>\n                                                        \n                            <\/div>\n\n                        <\/article>\n<\/div><div class=\"aux-col post-409\">\n                        <article class=\"post column-entry post-409 type-post status-publish format-standard has-post-thumbnail hentry category-bez-kategorii category-komunikacja-wewnetrzna category-trendy-opinie-historia\">\n                                                        <div class=\"entry-media\"><div class=\"aux-media-frame aux-media-image aux-image-mask\"><a href=\"https:\/\/indivisual.com.pl\/mediateqa\/2022\/04\/03\/funkcjonowanie-gazet-zakladowych-w-prl\/\"><img decoding=\"async\" src=\"https:\/\/indivisual.com.pl\/mediateqa\/wp-content\/uploads\/2022\/04\/Mediateqa-Wiedza-PRL-470x353.png\" class=\"aux-attachment aux-featured-image attachment-470x352.5 aux-attachment-id-607 \" alt=\"Mediateqa-Wiedza-PRL\" srcset=\"https:\/\/indivisual.com.pl\/mediateqa\/wp-content\/uploads\/2022\/04\/Mediateqa-Wiedza-PRL-150x113.png 150w,https:\/\/indivisual.com.pl\/mediateqa\/wp-content\/uploads\/2022\/04\/Mediateqa-Wiedza-PRL-300x225.png 300w,https:\/\/indivisual.com.pl\/mediateqa\/wp-content\/uploads\/2022\/04\/Mediateqa-Wiedza-PRL-768x576.png 768w,https:\/\/indivisual.com.pl\/mediateqa\/wp-content\/uploads\/2022\/04\/Mediateqa-Wiedza-PRL-470x353.png 470w,https:\/\/indivisual.com.pl\/mediateqa\/wp-content\/uploads\/2022\/04\/Mediateqa-Wiedza-PRL-990x742.png 990w\" data-ratio=\"1.33\" data-original-w=\"1000\" sizes=\"(max-width:479px) 480px,(max-width:767px) 768px,(max-width:1023px) 1024px,470px\" \/><\/a><\/div><\/div>\n                            \n                            <div class=\"entry-main\">\n                                                        \n                                <header class=\"entry-header\">\n                                \n                                    <h4 class=\"entry-title\">\n                                        <a href=\"https:\/\/indivisual.com.pl\/mediateqa\/2022\/04\/03\/funkcjonowanie-gazet-zakladowych-w-prl\/\">\n                                            Funkcjonowanie gazet zak\u0142adowych w PRL                                        <\/a>\n                                    <\/h4>\n                                                                    <div class=\"entry-format\">\n                                        <a href=\"https:\/\/indivisual.com.pl\/mediateqa\/2022\/04\/03\/funkcjonowanie-gazet-zakladowych-w-prl\/\">\n                                            <div class=\"post-format format-\"> <\/div>\n                                        <\/a>\n                                    <\/div>\n                                <\/header>\n                                                            \n                                <div class=\"entry-info\">\n                                                                    <div class=\"entry-date\">\n                                        <a href=\"https:\/\/indivisual.com.pl\/mediateqa\/2022\/04\/03\/funkcjonowanie-gazet-zakladowych-w-prl\/\">\n                                            <time datetime=\"2022-04-03T19:31:19+02:00\" title=\"2022-04-03T19:31:19+02:00\" >3 kwietnia 2022<\/time>\n                                        <\/a>\n                                    <\/div>\n                                                                                                                                    <span class=\"entry-tax \">\n                                        <a href=\"https:\/\/indivisual.com.pl\/mediateqa\/category\/bez-kategorii\/\" title=\"Zobacz wszystkie posty w Bez kategorii\" rel=\"category\" >Bez kategorii<\/a><a href=\"https:\/\/indivisual.com.pl\/mediateqa\/category\/komunikacja-wewnetrzna\/\" title=\"Zobacz wszystkie posty w Komunikacja wewn\u0119trzna\" rel=\"category\" >Komunikacja wewn\u0119trzna<\/a><a href=\"https:\/\/indivisual.com.pl\/mediateqa\/category\/trendy-opinie-historia\/\" title=\"Zobacz wszystkie posty w Trendy, opinie, historia\" rel=\"category\" >Trendy, opinie, historia<\/a>                                    <\/span>\n                                                                                                                                            <\/div>\n                            \n                                                            <div class=\"entry-content\">\n                                                                            <p>Media -Kultura - Spo\u0142ecze\u0144stwo, nr 11-12 (2016-2017) ISSN 2451-2737\t\t\n\t\t\tFunkcjonowanie Gazet Zak\u0142adowych w PRL.\t\t\n\t\t\tRola i funkcje gazety w zak\u0142adzie pracy\t\t\n ...<\/p><div class=\"clear\"><\/div>                                <\/div>\n                                                        \n                            <\/div>\n\n                        <\/article>\n<\/div><\/div><\/section><!-- widget-container -->\t\t<\/div>\n\t\t\t\t<\/div>\n\t\t\t\t\t\t<\/div>\n\t\t\t\t\t<\/div>\n\t\t<\/div>\n\t\t\t\t\t\t\t\t<\/div>\n\t\t\t\t\t<\/div>\n\t\t<\/section>\n\t\t\t\t\t\t<\/div>\n\t\t\t\t\t\t<\/div>\n\t\t\t\t\t<\/div>","protected":false},"excerpt":{"rendered":"<p>Wiedza Magazyn szyty na miar\u0119 3 kwietnia 2022 Bez kategorii | Edytuj O tym, jak jedna z najwi\u0119kszych firm doradztwa finansowego w Polsce tworzy magazyn dla swoich klient\u00f3w opowiada&nbsp;Pawe\u0142 Adamiak,Redaktor naczelny magazynu f &#8230;<\/p>\n","protected":false},"author":1,"featured_media":0,"parent":0,"menu_order":0,"comment_status":"closed","ping_status":"closed","template":"templates\/page-builder-content.php","meta":{"footnotes":""},"class_list":["post-373","page","type-page","status-publish","hentry"],"_links":{"self":[{"href":"https:\/\/indivisual.com.pl\/mediateqa\/wp-json\/wp\/v2\/pages\/373","targetHints":{"allow":["GET"]}}],"collection":[{"href":"https:\/\/indivisual.com.pl\/mediateqa\/wp-json\/wp\/v2\/pages"}],"about":[{"href":"https:\/\/indivisual.com.pl\/mediateqa\/wp-json\/wp\/v2\/types\/page"}],"author":[{"embeddable":true,"href":"https:\/\/indivisual.com.pl\/mediateqa\/wp-json\/wp\/v2\/users\/1"}],"replies":[{"embeddable":true,"href":"https:\/\/indivisual.com.pl\/mediateqa\/wp-json\/wp\/v2\/comments?post=373"}],"version-history":[{"count":10,"href":"https:\/\/indivisual.com.pl\/mediateqa\/wp-json\/wp\/v2\/pages\/373\/revisions"}],"predecessor-version":[{"id":417,"href":"https:\/\/indivisual.com.pl\/mediateqa\/wp-json\/wp\/v2\/pages\/373\/revisions\/417"}],"wp:attachment":[{"href":"https:\/\/indivisual.com.pl\/mediateqa\/wp-json\/wp\/v2\/media?parent=373"}],"curies":[{"name":"wp","href":"https:\/\/api.w.org\/{rel}","templated":true}]}}